{"id":49,"date":"2024-08-07T09:45:06","date_gmt":"2024-08-07T09:45:06","guid":{"rendered":"https:\/\/esnpoznan.put.poznan.pl\/?page_id=49"},"modified":"2026-02-28T18:12:17","modified_gmt":"2026-02-28T18:12:17","slug":"mobility","status":"publish","type":"page","link":"https:\/\/esnpoznan.put.poznan.pl\/?page_id=49","title":{"rendered":"Mobility"},"content":{"rendered":"\t\t<div data-elementor-type=\"wp-page\" data-elementor-id=\"49\" class=\"elementor elementor-49\">\n\t\t\t\t<div class=\"elementor-element elementor-element-3096be01 e-flex e-con-boxed e-con e-parent\" data-id=\"3096be01\" data-element_type=\"container\" data-e-type=\"container\">\n\t\t\t\t\t<div class=\"e-con-inner\">\n\t\t<div class=\"elementor-element elementor-element-0d59a26 e-con-full e-flex e-con e-child\" data-id=\"0d59a26\" data-element_type=\"container\" data-e-type=\"container\">\n\t\t<div class=\"elementor-element elementor-element-d6aa37e e-con-full e-flex e-con e-child\" data-id=\"d6aa37e\" data-element_type=\"container\" data-e-type=\"container\">\n\t\t\t\t<div class=\"elementor-element elementor-element-b124c24 elementor-widget elementor-widget-heading\" data-id=\"b124c24\" data-element_type=\"widget\" data-e-type=\"widget\" data-widget_type=\"heading.default\">\n\t\t\t\t<div class=\"elementor-widget-container\">\n\t\t\t\t\t<h2 class=\"elementor-heading-title elementor-size-default\">Erasmus Exchange<\/h2>\t\t\t\t<\/div>\n\t\t\t\t<\/div>\n\t\t\t\t<div class=\"elementor-element elementor-element-881cd38 elementor-widget elementor-widget-text-editor\" data-id=\"881cd38\" data-element_type=\"widget\" data-e-type=\"widget\" data-widget_type=\"text-editor.default\">\n\t\t\t\t<div class=\"elementor-widget-container\">\n\t\t\t\t\t\t\t\t\t<p>ESN provides students who are leaving Poland for their Erasmus experience with full guidance, advice, and support whenever possible. We help students navigate the application and recruitment process, answer questions about paperwork, accommodation, travel, and preparation, and share tips from experienced Erasmus participants to make the whole process smoother and less stressful.<\/p><p>Our goal is to ensure that every student feels confident and well-prepared before departure, with the knowledge and resources they need to have a successful and enjoyable exchange. ESN members receive additional guidance and support, giving them an extra edge as they prepare for their Erasmus journey.\u00a0<\/p><p>A reliable partner for every student planning to study abroad!<\/p>\t\t\t\t\t\t\t\t<\/div>\n\t\t\t\t<\/div>\n\t\t\t\t<\/div>\n\t\t<div class=\"elementor-element elementor-element-6c84fa8 e-con-full e-flex e-con e-child\" data-id=\"6c84fa8\" data-element_type=\"container\" data-e-type=\"container\">\n\t\t\t\t<div class=\"elementor-element elementor-element-ebc61e1 elementor-widget elementor-widget-heading\" data-id=\"ebc61e1\" data-element_type=\"widget\" data-e-type=\"widget\" data-widget_type=\"heading.default\">\n\t\t\t\t<div class=\"elementor-widget-container\">\n\t\t\t\t\t<h2 class=\"elementor-heading-title elementor-size-default\">EUNICE<\/h2>\t\t\t\t<\/div>\n\t\t\t\t<\/div>\n\t\t<div class=\"elementor-element elementor-element-f509572 e-con-full e-flex e-con e-child\" data-id=\"f509572\" data-element_type=\"container\" data-e-type=\"container\">\n\t\t\t\t<div class=\"elementor-element elementor-element-a05f2aa elementor-widget__width-initial elementor-widget-mobile__width-initial elementor-widget elementor-widget-text-editor\" data-id=\"a05f2aa\" data-element_type=\"widget\" data-e-type=\"widget\" data-widget_type=\"text-editor.default\">\n\t\t\t\t<div class=\"elementor-widget-container\">\n\t\t\t\t\t\t\t\t\t<p>At Poznan University of Technology, ESN collaborates with EUNICE \u2013 the European University for Customized Education, a network of ten European universities. Together, we help students explore mobility opportunities, participate in international projects, and access internships and trainee ships across Europe.\u00a0<\/p><p>Through this partnership, students benefit from guidance, practical tips, and insights from experienced peers, while also taking part in language courses, summer schools, interdisciplinary research projects, and other international initiatives offered by EUNICE.<\/p><p>Expand your horizons and discover European opportunities with ESN and EUNICE at Poznan University of Technology!<\/p><p><span class=\"HwtZe\" lang=\"en\"><span class=\"jCAhz ChMk0b\"><span class=\"ryNqvb\">For more information, please visit<br \/><\/span><\/span><\/span><a href=\"https:\/\/www.instagram.com\/eunice.put\">https:\/\/www.instagram.com\/eunice.put<\/a><\/p>\t\t\t\t\t\t\t\t<\/div>\n\t\t\t\t<\/div>\n\t\t\t\t<div class=\"elementor-element elementor-element-838bd4d elementor-widget__width-initial elementor-widget-mobile__width-initial elementor-widget elementor-widget-image\" data-id=\"838bd4d\" data-element_type=\"widget\" data-e-type=\"widget\" data-widget_type=\"image.default\">\n\t\t\t\t<div class=\"elementor-widget-container\">\n\t\t\t\t\t\t\t\t\t\t\t\t\t\t\t<img fetchpriority=\"high\" decoding=\"async\" width=\"1024\" height=\"1024\" src=\"https:\/\/esnpoznan.put.poznan.pl\/wp-content\/uploads\/2026\/02\/1-1024x1024.png\" class=\"attachment-large size-large wp-image-917\" alt=\"\" srcset=\"https:\/\/esnpoznan.put.poznan.pl\/wp-content\/uploads\/2026\/02\/1-1024x1024.png 1024w, https:\/\/esnpoznan.put.poznan.pl\/wp-content\/uploads\/2026\/02\/1-300x300.png 300w, https:\/\/esnpoznan.put.poznan.pl\/wp-content\/uploads\/2026\/02\/1-150x150.png 150w, https:\/\/esnpoznan.put.poznan.pl\/wp-content\/uploads\/2026\/02\/1-768x768.png 768w, https:\/\/esnpoznan.put.poznan.pl\/wp-content\/uploads\/2026\/02\/1.png 1080w\" sizes=\"(max-width: 1024px) 100vw, 1024px\" \/>\t\t\t\t\t\t\t\t\t\t\t\t\t\t\t<\/div>\n\t\t\t\t<\/div>\n\t\t\t\t<\/div>\n\t\t\t\t<\/div>\n\t\t<div class=\"elementor-element elementor-element-b2efc56 e-con-full e-flex e-con e-child\" data-id=\"b2efc56\" data-element_type=\"container\" data-e-type=\"container\">\n\t\t\t\t<div class=\"elementor-element elementor-element-e043b4a elementor-widget elementor-widget-heading\" data-id=\"e043b4a\" data-element_type=\"widget\" data-e-type=\"widget\" data-widget_type=\"heading.default\">\n\t\t\t\t<div class=\"elementor-widget-container\">\n\t\t\t\t\t<h2 class=\"elementor-heading-title elementor-size-default\">Erasmus Internship\n<\/h2>\t\t\t\t<\/div>\n\t\t\t\t<\/div>\n\t\t<div class=\"elementor-element elementor-element-5b1801c e-con-full e-flex e-con e-child\" data-id=\"5b1801c\" data-element_type=\"container\" data-e-type=\"container\">\n\t\t\t\t<div class=\"elementor-element elementor-element-477395d elementor-widget__width-initial elementor-widget-mobile__width-initial elementor-widget elementor-widget-text-editor\" data-id=\"477395d\" data-element_type=\"widget\" data-e-type=\"widget\" data-widget_type=\"text-editor.default\">\n\t\t\t\t<div class=\"elementor-widget-container\">\n\t\t\t\t\t\t\t\t\t<p>Students at Poznan University of Technology can take part in IAESTE \u2013 The International Association for the Exchange of Students for Technical Experience, a global internship programme operating in over 85 countries and cooperating with 5,000+ companies worldwide.<\/p><p>IAESTE offers paid international internships, professional development, and support from the local IAESTE community. Recruitment starts every February.<\/p><p>As ESN Pozna\u0144, we proudly support this initiative and encourage students to explore this opportunity.<\/p><p>More information:<br \/><a href=\"http:\/\/www.facebook.com\/IAESTEPoznan\">www.facebook.com\/IAESTEPoznan<br \/><\/a><a href=\"https:\/\/www.iaeste.pl\/praktykant\">https:\/\/www.iaeste.pl\/praktykant<\/a><br \/><a href=\"https:\/\/www.instagram.com\/iaeste_poznan\">https:\/\/www.instagram.com\/iaeste_poznan<\/a><\/p>\t\t\t\t\t\t\t\t<\/div>\n\t\t\t\t<\/div>\n\t\t\t\t<div class=\"elementor-element elementor-element-98dec90 elementor-widget__width-initial elementor-widget-mobile__width-initial elementor-widget elementor-widget-image\" data-id=\"98dec90\" data-element_type=\"widget\" data-e-type=\"widget\" data-widget_type=\"image.default\">\n\t\t\t\t<div class=\"elementor-widget-container\">\n\t\t\t\t\t\t\t\t\t\t\t\t\t\t\t<img decoding=\"async\" width=\"1024\" height=\"1024\" src=\"https:\/\/esnpoznan.put.poznan.pl\/wp-content\/uploads\/2026\/02\/2-1024x1024.png\" class=\"attachment-large size-large wp-image-918\" alt=\"\" srcset=\"https:\/\/esnpoznan.put.poznan.pl\/wp-content\/uploads\/2026\/02\/2-1024x1024.png 1024w, https:\/\/esnpoznan.put.poznan.pl\/wp-content\/uploads\/2026\/02\/2-300x300.png 300w, https:\/\/esnpoznan.put.poznan.pl\/wp-content\/uploads\/2026\/02\/2-150x150.png 150w, https:\/\/esnpoznan.put.poznan.pl\/wp-content\/uploads\/2026\/02\/2-768x768.png 768w, https:\/\/esnpoznan.put.poznan.pl\/wp-content\/uploads\/2026\/02\/2.png 1080w\" sizes=\"(max-width: 1024px) 100vw, 1024px\" \/>\t\t\t\t\t\t\t\t\t\t\t\t\t\t\t<\/div>\n\t\t\t\t<\/div>\n\t\t\t\t<\/div>\n\t\t\t\t<\/div>\n\t\t\t\t<\/div>\n\t\t\t\t\t<\/div>\n\t\t\t\t<\/div>\n\t\t\t\t<\/div>\n\t\t","protected":false},"excerpt":{"rendered":"<p>Erasmus Exchange ESN provides students who are leaving Poland for their Erasmus experience with full guidance, advice, and support whenever possible. We help students navigate the application and recruitment process, answer questions about paperwork, accommodation, travel, and preparation, and share tips from experienced Erasmus participants to make the whole process smoother and less stressful. Our [&hellip;]<\/p>\n","protected":false},"author":1,"featured_media":0,"parent":0,"menu_order":0,"comment_status":"closed","ping_status":"closed","template":"","meta":{"footnotes":""},"class_list":["post-49","page","type-page","status-publish","hentry"],"yoast_head":"<!-- This site is optimized with the Yoast SEO plugin v27.2 - https:\/\/yoast.com\/product\/yoast-seo-wordpress\/ -->\n<title>Mobility - ESN Pozna\u0144<\/title>\n<meta name=\"robots\" content=\"index, follow, max-snippet:-1, max-image-preview:large, max-video-preview:-1\" \/>\n<link rel=\"canonical\" href=\"https:\/\/esnpoznan.put.poznan.pl\/?page_id=49\" \/>\n<meta property=\"og:locale\" content=\"en_US\" \/>\n<meta property=\"og:type\" content=\"article\" \/>\n<meta property=\"og:title\" content=\"Mobility - ESN Pozna\u0144\" \/>\n<meta property=\"og:description\" content=\"Erasmus Exchange ESN provides students who are leaving Poland for their Erasmus experience with full guidance, advice, and support whenever possible. We help students navigate the application and recruitment process, answer questions about paperwork, accommodation, travel, and preparation, and share tips from experienced Erasmus participants to make the whole process smoother and less stressful. Our [&hellip;]\" \/>\n<meta property=\"og:url\" content=\"https:\/\/esnpoznan.put.poznan.pl\/?page_id=49\" \/>\n<meta property=\"og:site_name\" content=\"ESN Pozna\u0144\" \/>\n<meta property=\"article:modified_time\" content=\"2026-02-28T18:12:17+00:00\" \/>\n<meta property=\"og:image\" content=\"http:\/\/esnpoznan.put.poznan.pl\/wp-content\/uploads\/2026\/02\/1-1024x1024.png\" \/>\n<meta name=\"twitter:card\" content=\"summary_large_image\" \/>\n<meta name=\"twitter:label1\" content=\"Est. reading time\" \/>\n\t<meta name=\"twitter:data1\" content=\"1 minute\" \/>\n<script type=\"application\/ld+json\" class=\"yoast-schema-graph\">{\"@context\":\"https:\/\/schema.org\",\"@graph\":[{\"@type\":\"WebPage\",\"@id\":\"https:\/\/esnpoznan.put.poznan.pl\/?page_id=49\",\"url\":\"https:\/\/esnpoznan.put.poznan.pl\/?page_id=49\",\"name\":\"Mobility - ESN Pozna\u0144\",\"isPartOf\":{\"@id\":\"https:\/\/esnpoznan.put.poznan.pl\/#website\"},\"primaryImageOfPage\":{\"@id\":\"https:\/\/esnpoznan.put.poznan.pl\/?page_id=49#primaryimage\"},\"image\":{\"@id\":\"https:\/\/esnpoznan.put.poznan.pl\/?page_id=49#primaryimage\"},\"thumbnailUrl\":\"http:\/\/esnpoznan.put.poznan.pl\/wp-content\/uploads\/2026\/02\/1-1024x1024.png\",\"datePublished\":\"2024-08-07T09:45:06+00:00\",\"dateModified\":\"2026-02-28T18:12:17+00:00\",\"breadcrumb\":{\"@id\":\"https:\/\/esnpoznan.put.poznan.pl\/?page_id=49#breadcrumb\"},\"inLanguage\":\"en-US\",\"potentialAction\":[{\"@type\":\"ReadAction\",\"target\":[\"https:\/\/esnpoznan.put.poznan.pl\/?page_id=49\"]}]},{\"@type\":\"ImageObject\",\"inLanguage\":\"en-US\",\"@id\":\"https:\/\/esnpoznan.put.poznan.pl\/?page_id=49#primaryimage\",\"url\":\"http:\/\/esnpoznan.put.poznan.pl\/wp-content\/uploads\/2026\/02\/1-1024x1024.png\",\"contentUrl\":\"http:\/\/esnpoznan.put.poznan.pl\/wp-content\/uploads\/2026\/02\/1-1024x1024.png\"},{\"@type\":\"BreadcrumbList\",\"@id\":\"https:\/\/esnpoznan.put.poznan.pl\/?page_id=49#breadcrumb\",\"itemListElement\":[{\"@type\":\"ListItem\",\"position\":1,\"name\":\"Home\",\"item\":\"https:\/\/esnpoznan.put.poznan.pl\/\"},{\"@type\":\"ListItem\",\"position\":2,\"name\":\"Mobility\"}]},{\"@type\":\"WebSite\",\"@id\":\"https:\/\/esnpoznan.put.poznan.pl\/#website\",\"url\":\"https:\/\/esnpoznan.put.poznan.pl\/\",\"name\":\"ESN Pozna\u0144\",\"description\":\"ESN Pozna\u0144: Volunteer-led community at PUT Pozna\u0144 helping international students. Discover our events, ESNcard, and mobility tips for your exchange!\",\"publisher\":{\"@id\":\"https:\/\/esnpoznan.put.poznan.pl\/#organization\"},\"potentialAction\":[{\"@type\":\"SearchAction\",\"target\":{\"@type\":\"EntryPoint\",\"urlTemplate\":\"https:\/\/esnpoznan.put.poznan.pl\/?s={search_term_string}\"},\"query-input\":{\"@type\":\"PropertyValueSpecification\",\"valueRequired\":true,\"valueName\":\"search_term_string\"}}],\"inLanguage\":\"en-US\"},{\"@type\":\"Organization\",\"@id\":\"https:\/\/esnpoznan.put.poznan.pl\/#organization\",\"name\":\"ESN Pozna\u0144\",\"url\":\"https:\/\/esnpoznan.put.poznan.pl\/\",\"logo\":{\"@type\":\"ImageObject\",\"inLanguage\":\"en-US\",\"@id\":\"https:\/\/esnpoznan.put.poznan.pl\/#\/schema\/logo\/image\/\",\"url\":\"https:\/\/esnpoznan.put.poznan.pl\/wp-content\/uploads\/2024\/08\/ESNstar_digital_full_colour_safezone-1.png\",\"contentUrl\":\"https:\/\/esnpoznan.put.poznan.pl\/wp-content\/uploads\/2024\/08\/ESNstar_digital_full_colour_safezone-1.png\",\"width\":1500,\"height\":1500,\"caption\":\"ESN Pozna\u0144\"},\"image\":{\"@id\":\"https:\/\/esnpoznan.put.poznan.pl\/#\/schema\/logo\/image\/\"}}]}<\/script>\n<!-- \/ Yoast SEO plugin. -->","yoast_head_json":{"title":"Mobility - ESN Pozna\u0144","robots":{"index":"index","follow":"follow","max-snippet":"max-snippet:-1","max-image-preview":"max-image-preview:large","max-video-preview":"max-video-preview:-1"},"canonical":"https:\/\/esnpoznan.put.poznan.pl\/?page_id=49","og_locale":"en_US","og_type":"article","og_title":"Mobility - ESN Pozna\u0144","og_description":"Erasmus Exchange ESN provides students who are leaving Poland for their Erasmus experience with full guidance, advice, and support whenever possible. We help students navigate the application and recruitment process, answer questions about paperwork, accommodation, travel, and preparation, and share tips from experienced Erasmus participants to make the whole process smoother and less stressful. Our [&hellip;]","og_url":"https:\/\/esnpoznan.put.poznan.pl\/?page_id=49","og_site_name":"ESN Pozna\u0144","article_modified_time":"2026-02-28T18:12:17+00:00","og_image":[{"url":"http:\/\/esnpoznan.put.poznan.pl\/wp-content\/uploads\/2026\/02\/1-1024x1024.png","type":"","width":"","height":""}],"twitter_card":"summary_large_image","twitter_misc":{"Est. reading time":"1 minute"},"schema":{"@context":"https:\/\/schema.org","@graph":[{"@type":"WebPage","@id":"https:\/\/esnpoznan.put.poznan.pl\/?page_id=49","url":"https:\/\/esnpoznan.put.poznan.pl\/?page_id=49","name":"Mobility - ESN Pozna\u0144","isPartOf":{"@id":"https:\/\/esnpoznan.put.poznan.pl\/#website"},"primaryImageOfPage":{"@id":"https:\/\/esnpoznan.put.poznan.pl\/?page_id=49#primaryimage"},"image":{"@id":"https:\/\/esnpoznan.put.poznan.pl\/?page_id=49#primaryimage"},"thumbnailUrl":"http:\/\/esnpoznan.put.poznan.pl\/wp-content\/uploads\/2026\/02\/1-1024x1024.png","datePublished":"2024-08-07T09:45:06+00:00","dateModified":"2026-02-28T18:12:17+00:00","breadcrumb":{"@id":"https:\/\/esnpoznan.put.poznan.pl\/?page_id=49#breadcrumb"},"inLanguage":"en-US","potentialAction":[{"@type":"ReadAction","target":["https:\/\/esnpoznan.put.poznan.pl\/?page_id=49"]}]},{"@type":"ImageObject","inLanguage":"en-US","@id":"https:\/\/esnpoznan.put.poznan.pl\/?page_id=49#primaryimage","url":"http:\/\/esnpoznan.put.poznan.pl\/wp-content\/uploads\/2026\/02\/1-1024x1024.png","contentUrl":"http:\/\/esnpoznan.put.poznan.pl\/wp-content\/uploads\/2026\/02\/1-1024x1024.png"},{"@type":"BreadcrumbList","@id":"https:\/\/esnpoznan.put.poznan.pl\/?page_id=49#breadcrumb","itemListElement":[{"@type":"ListItem","position":1,"name":"Home","item":"https:\/\/esnpoznan.put.poznan.pl\/"},{"@type":"ListItem","position":2,"name":"Mobility"}]},{"@type":"WebSite","@id":"https:\/\/esnpoznan.put.poznan.pl\/#website","url":"https:\/\/esnpoznan.put.poznan.pl\/","name":"ESN Pozna\u0144","description":"ESN Pozna\u0144: Volunteer-led community at PUT Pozna\u0144 helping international students. Discover our events, ESNcard, and mobility tips for your exchange!","publisher":{"@id":"https:\/\/esnpoznan.put.poznan.pl\/#organization"},"potentialAction":[{"@type":"SearchAction","target":{"@type":"EntryPoint","urlTemplate":"https:\/\/esnpoznan.put.poznan.pl\/?s={search_term_string}"},"query-input":{"@type":"PropertyValueSpecification","valueRequired":true,"valueName":"search_term_string"}}],"inLanguage":"en-US"},{"@type":"Organization","@id":"https:\/\/esnpoznan.put.poznan.pl\/#organization","name":"ESN Pozna\u0144","url":"https:\/\/esnpoznan.put.poznan.pl\/","logo":{"@type":"ImageObject","inLanguage":"en-US","@id":"https:\/\/esnpoznan.put.poznan.pl\/#\/schema\/logo\/image\/","url":"https:\/\/esnpoznan.put.poznan.pl\/wp-content\/uploads\/2024\/08\/ESNstar_digital_full_colour_safezone-1.png","contentUrl":"https:\/\/esnpoznan.put.poznan.pl\/wp-content\/uploads\/2024\/08\/ESNstar_digital_full_colour_safezone-1.png","width":1500,"height":1500,"caption":"ESN Pozna\u0144"},"image":{"@id":"https:\/\/esnpoznan.put.poznan.pl\/#\/schema\/logo\/image\/"}}]}},"_links":{"self":[{"href":"https:\/\/esnpoznan.put.poznan.pl\/index.php?rest_route=\/wp\/v2\/pages\/49","targetHints":{"allow":["GET"]}}],"collection":[{"href":"https:\/\/esnpoznan.put.poznan.pl\/index.php?rest_route=\/wp\/v2\/pages"}],"about":[{"href":"https:\/\/esnpoznan.put.poznan.pl\/index.php?rest_route=\/wp\/v2\/types\/page"}],"author":[{"embeddable":true,"href":"https:\/\/esnpoznan.put.poznan.pl\/index.php?rest_route=\/wp\/v2\/users\/1"}],"replies":[{"embeddable":true,"href":"https:\/\/esnpoznan.put.poznan.pl\/index.php?rest_route=%2Fwp%2Fv2%2Fcomments&post=49"}],"version-history":[{"count":66,"href":"https:\/\/esnpoznan.put.poznan.pl\/index.php?rest_route=\/wp\/v2\/pages\/49\/revisions"}],"predecessor-version":[{"id":1082,"href":"https:\/\/esnpoznan.put.poznan.pl\/index.php?rest_route=\/wp\/v2\/pages\/49\/revisions\/1082"}],"wp:attachment":[{"href":"https:\/\/esnpoznan.put.poznan.pl\/index.php?rest_route=%2Fwp%2Fv2%2Fmedia&parent=49"}],"curies":[{"name":"wp","href":"https:\/\/api.w.org\/{rel}","templated":true}]}}